{"id":196,"date":"2024-05-15T16:49:17","date_gmt":"2024-05-15T16:49:17","guid":{"rendered":"https:\/\/klaudiazawada.art\/?post_type=product&#038;p=196"},"modified":"2024-06-25T16:31:46","modified_gmt":"2024-06-25T16:31:46","slug":"crystal-cloud","status":"publish","type":"product","link":"https:\/\/klaudiazawada.art\/pl\/produkt\/crystal-cloud\/","title":{"rendered":"Kryszta\u0142owa Chmura"},"content":{"rendered":"<p><strong>Obraz z cyklu Topografie pami\u0119ci<\/strong><\/p>\n<p>W mojej najnowszej serii czerpi\u0119 inspiracje z natury, w szczeg\u00f3lno\u015bci z geod, kamieni, ska\u0142 i g\u00f3r. Poprzez skrupulatne przedstawienie naturalnej dynamiki, uchwyci\u0142em istot\u0119 formacji skalnych i kamiennych. Ka\u017cdy egzemplarz stanowi \u015bwiadectwo splotu czasu geologicznego i ludzkiej pami\u0119ci. W ka\u017cdym elemencie osadzony jest up\u0142yw czasu, zachowuj\u0105cy histori\u0119 w warstwach koloru i faktury. Elementy geologiczne symbolizuj\u0105 trwa\u0142o\u015b\u0107 i przemijalno\u015b\u0107, zapewniaj\u0105c wielowymiarowe wra\u017cenia. Fascynacja pami\u0119ci\u0105 nap\u0119dza m\u00f3j proces tw\u00f3rczy, zamra\u017caj\u0105c chwile w strukturach skalnych, jednocze\u015bnie uznaj\u0105c p\u0142ynno\u015b\u0107 czasu. To wzajemne oddzia\u0142ywanie stanowi podstaw\u0119 do g\u0142\u0119bszych poszukiwa\u0144 w mojej sztuce<\/p>\n<p><strong>Szczeg\u00f3\u0142y techniczne i inspiracje koncepcyjne:<\/strong><\/p>\n<ul>\n<li>Technika: \u017bywica epoksydowa na p\u0142\u00f3tnie naci\u0105gni\u0119tym na drewnian\u0105 ram\u0119.<\/li>\n<li>Wymiary: 120 x 90 cm.<\/li>\n<li>Waga: oko\u0142o 2,5 kg.<\/li>\n<li>Metoda: Wykorzystanie zastrze\u017conej techniki dla l\u017cejszych, \u0142atwiejszych w obs\u0142udze p\u0142\u00f3cien.<\/li>\n<li>Obraz nie jest oprawiony.<\/li>\n<\/ul>\n<p>.<\/p>\n<p><strong>Ogl\u0105danie i wizualizacja:<\/strong><\/p>\n<ul>\n<li>Wcze\u015bniejsze obejrzenie: Grafika dost\u0119pna do osobistego obejrzenia w moim studiu w Nyonie po wcze\u015bniejszym um\u00f3wieniu.<\/li>\n<li>Bezp\u0142atna wizualizacja: Oferuj\u0119 bezp\u0142atne us\u0142ugi wizualizacji, na \u017cyczenie umieszczam cyfrowo grafik\u0119 w Twojej przestrzeni.<\/li>\n<\/ul>\n<p>&nbsp;<\/p>","protected":false},"excerpt":{"rendered":"<p>Painting from the Topographies of Memory series In my latest series, I draw inspiration from nature, particularly geodes, stones, rocks, and mountains. Through meticulous portrayal of natural dynamics, I capture the essence of rock and stone formation. Each piece serves as a testament to the intertwining of geological time and human memory. Embedded within each&#8230;<\/p>","protected":false},"featured_media":193,"comment_status":"open","ping_status":"closed","template":"","meta":{"_acf_changed":false},"product_cat":[18],"product_tag":[],"class_list":{"0":"post-196","1":"product","2":"type-product","3":"status-publish","4":"has-post-thumbnail","6":"product_cat-paintings","8":"first","9":"instock","10":"shipping-taxable","11":"purchasable","12":"product-type-simple"},"acf":[],"_links":{"self":[{"href":"https:\/\/klaudiazawada.art\/pl\/wp-json\/wp\/v2\/product\/196","targetHints":{"allow":["GET"]}}],"collection":[{"href":"https:\/\/klaudiazawada.art\/pl\/wp-json\/wp\/v2\/product"}],"about":[{"href":"https:\/\/klaudiazawada.art\/pl\/wp-json\/wp\/v2\/types\/product"}],"replies":[{"embeddable":true,"href":"https:\/\/klaudiazawada.art\/pl\/wp-json\/wp\/v2\/comments?post=196"}],"wp:featuredmedia":[{"embeddable":true,"href":"https:\/\/klaudiazawada.art\/pl\/wp-json\/wp\/v2\/media\/193"}],"wp:attachment":[{"href":"https:\/\/klaudiazawada.art\/pl\/wp-json\/wp\/v2\/media?parent=196"}],"wp:term":[{"taxonomy":"product_cat","embeddable":true,"href":"https:\/\/klaudiazawada.art\/pl\/wp-json\/wp\/v2\/product_cat?post=196"},{"taxonomy":"product_tag","embeddable":true,"href":"https:\/\/klaudiazawada.art\/pl\/wp-json\/wp\/v2\/product_tag?post=196"}],"curies":[{"name":"wp","href":"https:\/\/api.w.org\/{rel}","templated":true}]}}