{"id":81,"date":"2024-04-03T18:24:18","date_gmt":"2024-04-03T18:24:18","guid":{"rendered":"https:\/\/klaudiazawada.art\/?page_id=81"},"modified":"2024-07-30T06:55:56","modified_gmt":"2024-07-30T06:55:56","slug":"about","status":"publish","type":"page","link":"https:\/\/klaudiazawada.art\/pl\/about\/","title":{"rendered":"O mnie"},"content":{"rendered":"<section class=\"l-section wpb_row height_auto\" id=\"section-07\"><div class=\"l-section-h i-cf\"><div class=\"g-cols vc_row via_grid cols_2 laptops-cols_inherit tablets-cols_1 mobiles-cols_1 valign_middle type_default stacking_default\" style=\"--gap:0px;\"><div class=\"wpb_column vc_column_container\"><div class=\"vc_column-inner\"><div class=\"w-separator size_huge\"><\/div><div class=\"wpb_text_column us_custom_bc4b2cb4\"><div class=\"wpb_wrapper\"><h2>Ciesz\u0119 si\u0119, \u017ce tu jeste\u015bcie!<\/h2>\n<p>Nazywam si\u0119 Klaudia Zawada i uko\u0144czy\u0142am malarstwo na ASP we Wroc\u0142awiu oraz obroni\u0142am doktorat na UAP w Poznaniu w Polsce. Obecnie mieszkam w malowniczym Nyon w Szwajcarii. Teraz, jako artystka i nauczycielka, chc\u0119 podzieli\u0107 si\u0119 swoimi umiej\u0119tno\u015bciami i inspiracj\u0105 z\nWami.<\/p>\n<\/div><\/div><div class=\"w-separator size_huge\"><\/div><\/div><\/div><div class=\"wpb_column vc_column_container us_custom_e26e1642 has_bg_color stretched\"><div class=\"vc_column-inner\"><\/div><\/div><\/div><\/div><\/section><section class=\"l-section wpb_row height_auto\" id=\"section-08\"><div class=\"l-section-h i-cf\"><div class=\"g-cols vc_row via_grid cols_2 laptops-cols_inherit tablets-cols_1 mobiles-cols_1 valign_middle type_default reversed stacking_default\" style=\"--gap:0px;\"><div class=\"wpb_column vc_column_container us_custom_5a65c24a has_bg_color stretched\"><div class=\"vc_column-inner\"><\/div><\/div><div class=\"wpb_column vc_column_container\"><div class=\"vc_column-inner\"><div class=\"w-separator size_huge\"><\/div><div class=\"wpb_text_column us_custom_525019aa\"><div class=\"wpb_wrapper\"><h2>Moje prace malarskie<\/h2>\n<p>by\u0142y prezentowane i nagradzane na licznych wystawach, takich jak Mi\u0119dzynarodowa Wystawa Sztuki Nord Art 2016 w B\u00fcdelsdorf w Niemczech, World Watercolor Competition &amp; Exhibition 2016 w Tajpej na Tajwanie, oraz na Shenzhen International Watercolour Biennial w Chinach w 2014, a tak\u017ce znajduj\u0105 si\u0119 w wielu prywatnych kolekcjach.<\/p>\n<\/div><\/div><div class=\"w-separator size_huge\"><\/div><\/div><\/div><\/div><\/div><\/section><section class=\"l-section wpb_row us_custom_15f9d3f2 height_auto\" id=\"section-07\"><div class=\"l-section-h i-cf\"><div class=\"g-cols vc_row via_grid cols_2 laptops-cols_inherit tablets-cols_1 mobiles-cols_1 valign_middle type_default stacking_default\" style=\"--gap:0px;\"><div class=\"wpb_column vc_column_container\"><div class=\"vc_column-inner\"><div class=\"w-separator size_huge\"><\/div><div class=\"wpb_text_column us_custom_bc4b2cb4\"><div class=\"wpb_wrapper\"><h2>Kursy i warsztaty artystyczne<\/h2>\n<p>Do tej pory na prowadzonych przez siebie zaj\u0119ciach przeszkoli\u0142am niemal\u017ce 300 os\u00f3b<\/p>\n<p>Zapraszam Was do odkrywania razem ze mn\u0105 nowych technik i inspiruj\u0105cych projekt\u00f3w, aby\u015bmy mogli wsp\u00f3lnie stworzy\u0107 co\u015b pi\u0119knego i odkry\u0107 Wasz\u0105 wewn\u0119trzn\u0105 artystyczn\u0105 si\u0142\u0119.<\/p>\n<p>Do\u0142\u0105czcie do mnie i dajcie si\u0119 zainspirowa\u0107!<\/p>\n<\/div><\/div><div class=\"w-separator size_huge\"><\/div><\/div><\/div><div class=\"wpb_column vc_column_container us_custom_5f8c8405 has_bg_color stretched\"><div class=\"vc_column-inner\"><\/div><\/div><\/div><\/div><\/section>","protected":false},"excerpt":{"rendered":"I am glad you are here! I&#8217;m Klaudia Zawada and I studied painting at the Academy of Fine Arts in Wroclaw, Poland and graduated from the UAP in Poznan, Poland. I currently live in scenic Nyon, Switzerland. Now I would like to share my skills and inspiration as an artist and teacher. My paintings have...","protected":false},"author":1,"featured_media":0,"parent":0,"menu_order":0,"comment_status":"closed","ping_status":"closed","template":"","meta":{"_acf_changed":false,"footnotes":""},"class_list":["post-81","page","type-page","status-publish","hentry"],"acf":[],"_links":{"self":[{"href":"https:\/\/klaudiazawada.art\/pl\/wp-json\/wp\/v2\/pages\/81","targetHints":{"allow":["GET"]}}],"collection":[{"href":"https:\/\/klaudiazawada.art\/pl\/wp-json\/wp\/v2\/pages"}],"about":[{"href":"https:\/\/klaudiazawada.art\/pl\/wp-json\/wp\/v2\/types\/page"}],"author":[{"embeddable":true,"href":"https:\/\/klaudiazawada.art\/pl\/wp-json\/wp\/v2\/users\/1"}],"replies":[{"embeddable":true,"href":"https:\/\/klaudiazawada.art\/pl\/wp-json\/wp\/v2\/comments?post=81"}],"version-history":[{"count":50,"href":"https:\/\/klaudiazawada.art\/pl\/wp-json\/wp\/v2\/pages\/81\/revisions"}],"predecessor-version":[{"id":712,"href":"https:\/\/klaudiazawada.art\/pl\/wp-json\/wp\/v2\/pages\/81\/revisions\/712"}],"wp:attachment":[{"href":"https:\/\/klaudiazawada.art\/pl\/wp-json\/wp\/v2\/media?parent=81"}],"curies":[{"name":"wp","href":"https:\/\/api.w.org\/{rel}","templated":true}]}}