{"id":196,"date":"2024-05-15T16:49:17","date_gmt":"2024-05-15T16:49:17","guid":{"rendered":"https:\/\/klaudiazawada.art\/?post_type=product&#038;p=196"},"modified":"2024-06-25T16:31:46","modified_gmt":"2024-06-25T16:31:46","slug":"crystal-cloud","status":"publish","type":"product","link":"https:\/\/klaudiazawada.art\/de\/produkt\/crystal-cloud\/","title":{"rendered":"Kristallwolke"},"content":{"rendered":"<p><strong>Gem\u00e4lde aus der Serie \u201eTopographien der Erinnerung\u201c<\/strong><\/p>\n<p>In meiner neuesten Serie lasse ich mich von der Natur inspirieren, insbesondere von Geoden, Steinen, Felsen und Bergen. Durch die sorgf\u00e4ltige Darstellung der nat\u00fcrlichen Dynamik fange ich die Essenz der Fels- und Gesteinsbildung ein. Jedes St\u00fcck ist ein Zeugnis der Verflechtung von geologischer Zeit und menschlichem Ged\u00e4chtnis. In jedes St\u00fcck ist der Lauf der Zeit eingebettet, der die Geschichte in Schichten von Farbe und Textur bewahrt. Geologische Elemente symbolisieren Best\u00e4ndigkeit und Verg\u00e4nglichkeit und bieten ein mehrdimensionales Erlebnis. Die Faszination f\u00fcr Erinnerungen treibt meinen kreativen Prozess an, indem ich Momente in Felsstrukturen einfriere und gleichzeitig die Fl\u00fcchtigkeit der Zeit anerkenne. Dieses Zusammenspiel bildet die Grundlage f\u00fcr eine tiefere Erforschung meiner Kunst<\/p>\n<p><strong>Technische Details und konzeptionelle Inspiration:<\/strong><\/p>\n<ul>\n<li>Medium: Epoxidharz auf Leinwand, auf einen Holzrahmen gespannt.<\/li>\n<li>Ma\u00dfe: 120 x 90cm.<\/li>\n<li>Gewicht: ca. 2,5 kg.<\/li>\n<li>Methode: Verwendung einer propriet\u00e4ren Technik f\u00fcr leichtere, handlichere Leinw\u00e4nde.<\/li>\n<li>Das Gem\u00e4lde ist nicht gerahmt.<\/li>\n<\/ul>\n<p>.<\/p>\n<p><strong>Anzeige und Visualisierung:<\/strong><\/p>\n<ul>\n<li>Vorherige Besichtigung: Kunstwerke k\u00f6nnen nach Vereinbarung in meinem Studio in Nyon pers\u00f6nlich besichtigt werden.<\/li>\n<li>Kostenlose Visualisierung: Ich biete kostenlose Visualisierungsdienste an und platziere das Kunstwerk auf Anfrage digital in Ihrem Raum.<\/li>\n<\/ul>\n<p>&nbsp;<\/p>","protected":false},"excerpt":{"rendered":"<p>Painting from the Topographies of Memory series In my latest series, I draw inspiration from nature, particularly geodes, stones, rocks, and mountains. Through meticulous portrayal of natural dynamics, I capture the essence of rock and stone formation. Each piece serves as a testament to the intertwining of geological time and human memory. Embedded within each&#8230;<\/p>","protected":false},"featured_media":193,"comment_status":"open","ping_status":"closed","template":"","meta":{"_acf_changed":false},"product_cat":[18],"product_tag":[],"class_list":{"0":"post-196","1":"product","2":"type-product","3":"status-publish","4":"has-post-thumbnail","6":"product_cat-paintings","8":"first","9":"instock","10":"shipping-taxable","11":"purchasable","12":"product-type-simple"},"acf":[],"_links":{"self":[{"href":"https:\/\/klaudiazawada.art\/de\/wp-json\/wp\/v2\/product\/196","targetHints":{"allow":["GET"]}}],"collection":[{"href":"https:\/\/klaudiazawada.art\/de\/wp-json\/wp\/v2\/product"}],"about":[{"href":"https:\/\/klaudiazawada.art\/de\/wp-json\/wp\/v2\/types\/product"}],"replies":[{"embeddable":true,"href":"https:\/\/klaudiazawada.art\/de\/wp-json\/wp\/v2\/comments?post=196"}],"wp:featuredmedia":[{"embeddable":true,"href":"https:\/\/klaudiazawada.art\/de\/wp-json\/wp\/v2\/media\/193"}],"wp:attachment":[{"href":"https:\/\/klaudiazawada.art\/de\/wp-json\/wp\/v2\/media?parent=196"}],"wp:term":[{"taxonomy":"product_cat","embeddable":true,"href":"https:\/\/klaudiazawada.art\/de\/wp-json\/wp\/v2\/product_cat?post=196"},{"taxonomy":"product_tag","embeddable":true,"href":"https:\/\/klaudiazawada.art\/de\/wp-json\/wp\/v2\/product_tag?post=196"}],"curies":[{"name":"wp","href":"https:\/\/api.w.org\/{rel}","templated":true}]}}